{"id":913,"date":"2024-10-03T08:57:15","date_gmt":"2024-10-03T08:57:15","guid":{"rendered":"https:\/\/local.lovelybranddesign.com\/?page_id=913"},"modified":"2024-10-18T10:20:10","modified_gmt":"2024-10-18T10:20:10","slug":"blog","status":"publish","type":"page","link":"https:\/\/local.lovelybranddesign.com\/index.php\/blog\/","title":{"rendered":"Blog"},"content":{"rendered":"\t\t<div data-elementor-type=\"wp-page\" data-elementor-id=\"913\" class=\"elementor elementor-913\" data-elementor-post-type=\"page\">\n\t\t\t\t<div class=\"elementor-element elementor-element-818eb87 e-flex e-con-boxed e-con e-parent\" data-id=\"818eb87\" data-element_type=\"container\" data-settings=\"{&quot;background_background&quot;:&quot;classic&quot;}\">\n\t\t\t\t\t<div class=\"e-con-inner\">\n\t\t<div class=\"elementor-element elementor-element-6ac979e e-con-full e-flex e-con e-child\" data-id=\"6ac979e\" data-element_type=\"container\" data-settings=\"{&quot;animation&quot;:&quot;none&quot;}\">\n\t\t\t\t<div class=\"elementor-element elementor-element-006aedd elementor-invisible elementor-widget elementor-widget-heading\" data-id=\"006aedd\" data-element_type=\"widget\" data-settings=\"{&quot;_animation&quot;:&quot;fadeInUp&quot;}\" data-widget_type=\"heading.default\">\n\t\t\t\t<div class=\"elementor-widget-container\">\n\t\t\t\t\t<h2 class=\"elementor-heading-title elementor-size-default\">el blog<\/h2>\t\t\t\t<\/div>\n\t\t\t\t<\/div>\n\t\t\t\t<div class=\"elementor-element elementor-element-5915dc6 elementor-widget-divider--view-line elementor-invisible elementor-widget elementor-widget-divider\" data-id=\"5915dc6\" data-element_type=\"widget\" data-settings=\"{&quot;_animation&quot;:&quot;fadeInLeft&quot;}\" data-widget_type=\"divider.default\">\n\t\t\t\t<div class=\"elementor-widget-container\">\n\t\t\t\t\t\t\t<div class=\"elementor-divider\">\n\t\t\t<span class=\"elementor-divider-separator\">\n\t\t\t\t\t\t<\/span>\n\t\t<\/div>\n\t\t\t\t\t\t<\/div>\n\t\t\t\t<\/div>\n\t\t\t\t<div class=\"elementor-element elementor-element-323aa02 elementor-widget__width-initial elementor-widget elementor-widget-text-editor\" data-id=\"323aa02\" data-element_type=\"widget\" data-widget_type=\"text-editor.default\">\n\t\t\t\t<div class=\"elementor-widget-container\">\n\t\t\t\t\t\t\t\t\t<p>Podemos sanar el mundo, un paso a la vez. Encuentra aqu\u00ed informaci\u00f3n profesional, inspiraci\u00f3n y novedades sobre regeneraci\u00f3n, impacto y como habitar nuestro planeta de forma m\u00e1s sostenible.<\/p>\t\t\t\t\t\t\t\t<\/div>\n\t\t\t\t<\/div>\n\t\t\t\t<\/div>\n\t\t<div class=\"elementor-element elementor-element-67f8e29 e-con-full e-flex e-con e-child\" data-id=\"67f8e29\" data-element_type=\"container\" data-settings=\"{&quot;animation&quot;:&quot;none&quot;}\">\n\t\t\t\t<\/div>\n\t\t\t\t\t<\/div>\n\t\t\t\t<\/div>\n\t\t<div class=\"elementor-element elementor-element-51fdfbee e-flex e-con-boxed e-con e-parent\" data-id=\"51fdfbee\" data-element_type=\"container\">\n\t\t\t\t\t<div class=\"e-con-inner\">\n\t\t\t\t<div class=\"elementor-element elementor-element-7f7d8b0f elementor-grid-tablet-1 elementor-grid-3 elementor-grid-mobile-1 elementor-posts--thumbnail-top load-more-align-center elementor-widget elementor-widget-posts\" data-id=\"7f7d8b0f\" data-element_type=\"widget\" data-settings=\"{&quot;classic_row_gap_mobile&quot;:{&quot;unit&quot;:&quot;px&quot;,&quot;size&quot;:52,&quot;sizes&quot;:[]},&quot;pagination_type&quot;:&quot;load_more_on_click&quot;,&quot;classic_columns_tablet&quot;:&quot;1&quot;,&quot;classic_columns&quot;:&quot;3&quot;,&quot;classic_columns_mobile&quot;:&quot;1&quot;,&quot;classic_row_gap&quot;:{&quot;unit&quot;:&quot;px&quot;,&quot;size&quot;:35,&quot;sizes&quot;:[]},&quot;classic_row_gap_tablet&quot;:{&quot;unit&quot;:&quot;px&quot;,&quot;size&quot;:&quot;&quot;,&quot;sizes&quot;:[]},&quot;load_more_spinner&quot;:{&quot;value&quot;:&quot;fas fa-spinner&quot;,&quot;library&quot;:&quot;fa-solid&quot;}}\" data-widget_type=\"posts.classic\">\n\t\t\t\t<div class=\"elementor-widget-container\">\n\t\t\t\t\t\t\t<div class=\"elementor-posts-container elementor-posts elementor-posts--skin-classic elementor-grid\" role=\"list\">\n\t\t\t\t<article class=\"elementor-post elementor-grid-item post-1386 post type-post status-publish format-standard has-post-thumbnail hentry category-arquitectura\" role=\"listitem\">\n\t\t\t\t<a class=\"elementor-post__thumbnail__link\" href=\"https:\/\/local.lovelybranddesign.com\/index.php\/2024\/10\/12\/hacia-un-cambio-de-conciencia-colectiva\/\" tabindex=\"-1\" >\n\t\t\t<div class=\"elementor-post__thumbnail\"><img fetchpriority=\"high\" decoding=\"async\" width=\"768\" height=\"513\" src=\"https:\/\/local.lovelybranddesign.com\/wp-content\/uploads\/2024\/10\/Hq-Aliana-by-lsdbpro-0030_CHE8647-768x513.jpg\" class=\"attachment-medium_large size-medium_large wp-image-1463\" alt=\"\" srcset=\"https:\/\/local.lovelybranddesign.com\/wp-content\/uploads\/2024\/10\/Hq-Aliana-by-lsdbpro-0030_CHE8647-768x513.jpg 768w, https:\/\/local.lovelybranddesign.com\/wp-content\/uploads\/2024\/10\/Hq-Aliana-by-lsdbpro-0030_CHE8647-300x200.jpg 300w, https:\/\/local.lovelybranddesign.com\/wp-content\/uploads\/2024\/10\/Hq-Aliana-by-lsdbpro-0030_CHE8647-1024x684.jpg 1024w, https:\/\/local.lovelybranddesign.com\/wp-content\/uploads\/2024\/10\/Hq-Aliana-by-lsdbpro-0030_CHE8647-1536x1025.jpg 1536w, https:\/\/local.lovelybranddesign.com\/wp-content\/uploads\/2024\/10\/Hq-Aliana-by-lsdbpro-0030_CHE8647-2048x1367.jpg 2048w\" sizes=\"(max-width: 768px) 100vw, 768px\" \/><\/div>\n\t\t<\/a>\n\t\t\t\t<div class=\"elementor-post__text\">\n\t\t\t\t<h3 class=\"elementor-post__title\">\n\t\t\t<a href=\"https:\/\/local.lovelybranddesign.com\/index.php\/2024\/10\/12\/hacia-un-cambio-de-conciencia-colectiva\/\" >\n\t\t\t\tHacia un Cambio de Conciencia Colectiva\t\t\t<\/a>\n\t\t<\/h3>\n\t\t\t\t<div class=\"elementor-post__meta-data\">\n\t\t\t\t\t<span class=\"elementor-post-author\">\n\t\t\tadmin\t\t<\/span>\n\t\t\t\t<\/div>\n\t\t\t\t<div class=\"elementor-post__excerpt\">\n\t\t\t<p>La calidad de vida humana est\u00e1 intr\u00ednsecamente vinculada a la salud de los ecosistemas que nos rodean. Ecosistemas y territorios\t\t<\/div>\n\t\t\t\t\t<div class=\"elementor-post__read-more-wrapper\">\n\t\t\n\t\t<a class=\"elementor-post__read-more\" href=\"https:\/\/local.lovelybranddesign.com\/index.php\/2024\/10\/12\/hacia-un-cambio-de-conciencia-colectiva\/\" aria-label=\"M\u00e1s informaci\u00f3n sobre Hacia un Cambio de Conciencia Colectiva\" tabindex=\"-1\" >\n\t\t\tSaber m\u00e1s &gt;\t\t<\/a>\n\n\t\t\t\t\t<\/div>\n\t\t\t\t<\/div>\n\t\t\t\t<\/article>\n\t\t\t\t<article class=\"elementor-post elementor-grid-item post-992 post type-post status-publish format-standard has-post-thumbnail hentry category-appt category-arquitectura category-regerneracion\" role=\"listitem\">\n\t\t\t\t<a class=\"elementor-post__thumbnail__link\" href=\"https:\/\/local.lovelybranddesign.com\/index.php\/2024\/10\/03\/el-mundo-en-que-vivimos\/\" tabindex=\"-1\" >\n\t\t\t<div class=\"elementor-post__thumbnail\"><img decoding=\"async\" width=\"768\" height=\"1152\" src=\"https:\/\/local.lovelybranddesign.com\/wp-content\/uploads\/2024\/09\/Aliana-alonso-estudio-kattatubio-photography-5-768x1152.jpg\" class=\"attachment-medium_large size-medium_large wp-image-896\" alt=\"\" srcset=\"https:\/\/local.lovelybranddesign.com\/wp-content\/uploads\/2024\/09\/Aliana-alonso-estudio-kattatubio-photography-5-768x1152.jpg 768w, https:\/\/local.lovelybranddesign.com\/wp-content\/uploads\/2024\/09\/Aliana-alonso-estudio-kattatubio-photography-5-200x300.jpg 200w, https:\/\/local.lovelybranddesign.com\/wp-content\/uploads\/2024\/09\/Aliana-alonso-estudio-kattatubio-photography-5-683x1024.jpg 683w, https:\/\/local.lovelybranddesign.com\/wp-content\/uploads\/2024\/09\/Aliana-alonso-estudio-kattatubio-photography-5-1024x1536.jpg 1024w, https:\/\/local.lovelybranddesign.com\/wp-content\/uploads\/2024\/09\/Aliana-alonso-estudio-kattatubio-photography-5-scaled.jpg 1707w\" sizes=\"(max-width: 768px) 100vw, 768px\" \/><\/div>\n\t\t<\/a>\n\t\t\t\t<div class=\"elementor-post__text\">\n\t\t\t\t<h3 class=\"elementor-post__title\">\n\t\t\t<a href=\"https:\/\/local.lovelybranddesign.com\/index.php\/2024\/10\/03\/el-mundo-en-que-vivimos\/\" >\n\t\t\t\tEl mundo en que vivimos\t\t\t<\/a>\n\t\t<\/h3>\n\t\t\t\t<div class=\"elementor-post__meta-data\">\n\t\t\t\t\t<span class=\"elementor-post-author\">\n\t\t\tadmin\t\t<\/span>\n\t\t\t\t<\/div>\n\t\t\t\t<div class=\"elementor-post__excerpt\">\n\t\t\t<p>Construyendo un Futuro donde la Vida Florezca&#8230;Imagina un mundo donde cada espacio que habitamos es una extensi\u00f3n de la naturaleza,\t\t<\/div>\n\t\t\t\t\t<div class=\"elementor-post__read-more-wrapper\">\n\t\t\n\t\t<a class=\"elementor-post__read-more\" href=\"https:\/\/local.lovelybranddesign.com\/index.php\/2024\/10\/03\/el-mundo-en-que-vivimos\/\" aria-label=\"M\u00e1s informaci\u00f3n sobre El mundo en que vivimos\" tabindex=\"-1\" >\n\t\t\tSaber m\u00e1s &gt;\t\t<\/a>\n\n\t\t\t\t\t<\/div>\n\t\t\t\t<\/div>\n\t\t\t\t<\/article>\n\t\t\t\t<article class=\"elementor-post elementor-grid-item post-987 post type-post status-publish format-standard has-post-thumbnail hentry category-arquitectura category-arquitectura-sostenible category-habitar category-regerneracion\" role=\"listitem\">\n\t\t\t\t<a class=\"elementor-post__thumbnail__link\" href=\"https:\/\/local.lovelybranddesign.com\/index.php\/2024\/10\/03\/acupuntura-del-espacio\/\" tabindex=\"-1\" >\n\t\t\t<div class=\"elementor-post__thumbnail\"><img decoding=\"async\" width=\"768\" height=\"432\" src=\"https:\/\/local.lovelybranddesign.com\/wp-content\/uploads\/2024\/09\/0-P.03-16-2-768x432.jpg\" class=\"attachment-medium_large size-medium_large wp-image-857\" alt=\"\" srcset=\"https:\/\/local.lovelybranddesign.com\/wp-content\/uploads\/2024\/09\/0-P.03-16-2-768x432.jpg 768w, https:\/\/local.lovelybranddesign.com\/wp-content\/uploads\/2024\/09\/0-P.03-16-2-300x169.jpg 300w, https:\/\/local.lovelybranddesign.com\/wp-content\/uploads\/2024\/09\/0-P.03-16-2-1024x576.jpg 1024w, https:\/\/local.lovelybranddesign.com\/wp-content\/uploads\/2024\/09\/0-P.03-16-2-1536x864.jpg 1536w, https:\/\/local.lovelybranddesign.com\/wp-content\/uploads\/2024\/09\/0-P.03-16-2-2048x1152.jpg 2048w\" sizes=\"(max-width: 768px) 100vw, 768px\" \/><\/div>\n\t\t<\/a>\n\t\t\t\t<div class=\"elementor-post__text\">\n\t\t\t\t<h3 class=\"elementor-post__title\">\n\t\t\t<a href=\"https:\/\/local.lovelybranddesign.com\/index.php\/2024\/10\/03\/acupuntura-del-espacio\/\" >\n\t\t\t\tDe la est\u00e9tica a la \u00e9tica\t\t\t<\/a>\n\t\t<\/h3>\n\t\t\t\t<div class=\"elementor-post__meta-data\">\n\t\t\t\t\t<span class=\"elementor-post-author\">\n\t\t\tadmin\t\t<\/span>\n\t\t\t\t<\/div>\n\t\t\t\t<div class=\"elementor-post__excerpt\">\n\t\t\t<p>\u201cLa est\u00e9tica, desde un intuici\u00f3n profunda, sensatez, y amor por la Belleza Natural, nos lleva inevitablemente a la \u00e9tica.\u201d<\/p> <p>Este\t\t<\/div>\n\t\t\t\t\t<div class=\"elementor-post__read-more-wrapper\">\n\t\t\n\t\t<a class=\"elementor-post__read-more\" href=\"https:\/\/local.lovelybranddesign.com\/index.php\/2024\/10\/03\/acupuntura-del-espacio\/\" aria-label=\"M\u00e1s informaci\u00f3n sobre De la est\u00e9tica a la \u00e9tica\" tabindex=\"-1\" >\n\t\t\tSaber m\u00e1s &gt;\t\t<\/a>\n\n\t\t\t\t\t<\/div>\n\t\t\t\t<\/div>\n\t\t\t\t<\/article>\n\t\t\t\t<article class=\"elementor-post elementor-grid-item post-965 post type-post status-publish format-standard has-post-thumbnail hentry category-arquitectura category-arquitectura-sostenible category-habitar\" role=\"listitem\">\n\t\t\t\t<a class=\"elementor-post__thumbnail__link\" href=\"https:\/\/local.lovelybranddesign.com\/index.php\/2024\/10\/03\/regenera-tu-casa\/\" tabindex=\"-1\" >\n\t\t\t<div class=\"elementor-post__thumbnail\"><img loading=\"lazy\" decoding=\"async\" width=\"768\" height=\"432\" src=\"https:\/\/local.lovelybranddesign.com\/wp-content\/uploads\/2024\/09\/18-768x432.jpg\" class=\"attachment-medium_large size-medium_large wp-image-862\" alt=\"\" srcset=\"https:\/\/local.lovelybranddesign.com\/wp-content\/uploads\/2024\/09\/18-768x432.jpg 768w, https:\/\/local.lovelybranddesign.com\/wp-content\/uploads\/2024\/09\/18-300x169.jpg 300w, https:\/\/local.lovelybranddesign.com\/wp-content\/uploads\/2024\/09\/18-1024x576.jpg 1024w, https:\/\/local.lovelybranddesign.com\/wp-content\/uploads\/2024\/09\/18-1536x864.jpg 1536w, https:\/\/local.lovelybranddesign.com\/wp-content\/uploads\/2024\/09\/18-2048x1152.jpg 2048w\" sizes=\"(max-width: 768px) 100vw, 768px\" \/><\/div>\n\t\t<\/a>\n\t\t\t\t<div class=\"elementor-post__text\">\n\t\t\t\t<h3 class=\"elementor-post__title\">\n\t\t\t<a href=\"https:\/\/local.lovelybranddesign.com\/index.php\/2024\/10\/03\/regenera-tu-casa\/\" >\n\t\t\t\tRegenerar nuestro mundo\t\t\t<\/a>\n\t\t<\/h3>\n\t\t\t\t<div class=\"elementor-post__meta-data\">\n\t\t\t\t\t<span class=\"elementor-post-author\">\n\t\t\tadmin\t\t<\/span>\n\t\t\t\t<\/div>\n\t\t\t\t<div class=\"elementor-post__excerpt\">\n\t\t\t<p>Transformar el Mundo a Trav\u00e9s del Dise\u00f1o<br \/> El dise\u00f1o siempre ha sido mi primer lenguaje. Desde mis primeros bocetos,\t\t<\/div>\n\t\t\t\t\t<div class=\"elementor-post__read-more-wrapper\">\n\t\t\n\t\t<a class=\"elementor-post__read-more\" href=\"https:\/\/local.lovelybranddesign.com\/index.php\/2024\/10\/03\/regenera-tu-casa\/\" aria-label=\"M\u00e1s informaci\u00f3n sobre Regenerar nuestro mundo\" tabindex=\"-1\" >\n\t\t\tSaber m\u00e1s &gt;\t\t<\/a>\n\n\t\t\t\t\t<\/div>\n\t\t\t\t<\/div>\n\t\t\t\t<\/article>\n\t\t\t\t<article class=\"elementor-post elementor-grid-item post-1 post type-post status-publish format-standard has-post-thumbnail hentry category-appt category-arquitectura category-regerneracion\" role=\"listitem\">\n\t\t\t\t<a class=\"elementor-post__thumbnail__link\" href=\"https:\/\/local.lovelybranddesign.com\/index.php\/2024\/09\/25\/hello-world\/\" tabindex=\"-1\" >\n\t\t\t<div class=\"elementor-post__thumbnail\"><img loading=\"lazy\" decoding=\"async\" width=\"768\" height=\"1152\" src=\"https:\/\/local.lovelybranddesign.com\/wp-content\/uploads\/2024\/09\/Aliana-alonso-estudio-kattatubio-photography-33-768x1152.jpg\" class=\"attachment-medium_large size-medium_large wp-image-886\" alt=\"\" srcset=\"https:\/\/local.lovelybranddesign.com\/wp-content\/uploads\/2024\/09\/Aliana-alonso-estudio-kattatubio-photography-33-768x1152.jpg 768w, https:\/\/local.lovelybranddesign.com\/wp-content\/uploads\/2024\/09\/Aliana-alonso-estudio-kattatubio-photography-33-200x300.jpg 200w, https:\/\/local.lovelybranddesign.com\/wp-content\/uploads\/2024\/09\/Aliana-alonso-estudio-kattatubio-photography-33-683x1024.jpg 683w, https:\/\/local.lovelybranddesign.com\/wp-content\/uploads\/2024\/09\/Aliana-alonso-estudio-kattatubio-photography-33-1024x1536.jpg 1024w, https:\/\/local.lovelybranddesign.com\/wp-content\/uploads\/2024\/09\/Aliana-alonso-estudio-kattatubio-photography-33-1365x2048.jpg 1365w, https:\/\/local.lovelybranddesign.com\/wp-content\/uploads\/2024\/09\/Aliana-alonso-estudio-kattatubio-photography-33-scaled.jpg 1707w\" sizes=\"(max-width: 768px) 100vw, 768px\" \/><\/div>\n\t\t<\/a>\n\t\t\t\t<div class=\"elementor-post__text\">\n\t\t\t\t<h3 class=\"elementor-post__title\">\n\t\t\t<a href=\"https:\/\/local.lovelybranddesign.com\/index.php\/2024\/09\/25\/hello-world\/\" >\n\t\t\t\t\u00a1Hola mundo!\t\t\t<\/a>\n\t\t<\/h3>\n\t\t\t\t<div class=\"elementor-post__meta-data\">\n\t\t\t\t\t<span class=\"elementor-post-author\">\n\t\t\tadmin\t\t<\/span>\n\t\t\t\t<\/div>\n\t\t\t\t<div class=\"elementor-post__excerpt\">\n\t\t\t<p>Qui\u00e9n Soy y Por Qu\u00e9 Hago lo Que Hago: Una Historia de Compromiso y Esperanza<\/p>\t\t<\/div>\n\t\t\t\t\t<div class=\"elementor-post__read-more-wrapper\">\n\t\t\n\t\t<a class=\"elementor-post__read-more\" href=\"https:\/\/local.lovelybranddesign.com\/index.php\/2024\/09\/25\/hello-world\/\" aria-label=\"M\u00e1s informaci\u00f3n sobre \u00a1Hola mundo!\" tabindex=\"-1\" >\n\t\t\tSaber m\u00e1s &gt;\t\t<\/a>\n\n\t\t\t\t\t<\/div>\n\t\t\t\t<\/div>\n\t\t\t\t<\/article>\n\t\t\t\t<\/div>\n\t\t\t\t\t<span class=\"e-load-more-spinner\">\n\t\t\t\t<svg aria-hidden=\"true\" class=\"e-font-icon-svg e-fas-spinner\" viewBox=\"0 0 512 512\" xmlns=\"http:\/\/www.w3.org\/2000\/svg\"><path d=\"M304 48c0 26.51-21.49 48-48 48s-48-21.49-48-48 21.49-48 48-48 48 21.49 48 48zm-48 368c-26.51 0-48 21.49-48 48s21.49 48 48 48 48-21.49 48-48-21.49-48-48-48zm208-208c-26.51 0-48 21.49-48 48s21.49 48 48 48 48-21.49 48-48-21.49-48-48-48zM96 256c0-26.51-21.49-48-48-48S0 229.49 0 256s21.49 48 48 48 48-21.49 48-48zm12.922 99.078c-26.51 0-48 21.49-48 48s21.49 48 48 48 48-21.49 48-48c0-26.509-21.491-48-48-48zm294.156 0c-26.51 0-48 21.49-48 48s21.49 48 48 48 48-21.49 48-48c0-26.509-21.49-48-48-48zM108.922 60.922c-26.51 0-48 21.49-48 48s21.49 48 48 48 48-21.49 48-48-21.491-48-48-48z\"><\/path><\/svg>\t\t\t<\/span>\n\t\t\n\t\t\t\t\t\t<\/div>\n\t\t\t\t<\/div>\n\t\t\t\t\t<\/div>\n\t\t\t\t<\/div>\n\t\t\t\t<\/div>\n\t\t","protected":false},"excerpt":{"rendered":"<p>el blog Podemos sanar el mundo, un paso a la vez. Encuentra aqu\u00ed informaci\u00f3n profesional, inspiraci\u00f3n y novedades sobre regeneraci\u00f3n, impacto y como habitar nuestro planeta de forma m\u00e1s sostenible.<\/p>\n","protected":false},"author":1,"featured_media":0,"parent":0,"menu_order":0,"comment_status":"closed","ping_status":"closed","template":"","meta":{"footnotes":""},"class_list":["post-913","page","type-page","status-publish","hentry"],"_links":{"self":[{"href":"https:\/\/local.lovelybranddesign.com\/index.php\/wp-json\/wp\/v2\/pages\/913","targetHints":{"allow":["GET"]}}],"collection":[{"href":"https:\/\/local.lovelybranddesign.com\/index.php\/wp-json\/wp\/v2\/pages"}],"about":[{"href":"https:\/\/local.lovelybranddesign.com\/index.php\/wp-json\/wp\/v2\/types\/page"}],"author":[{"embeddable":true,"href":"https:\/\/local.lovelybranddesign.com\/index.php\/wp-json\/wp\/v2\/users\/1"}],"replies":[{"embeddable":true,"href":"https:\/\/local.lovelybranddesign.com\/index.php\/wp-json\/wp\/v2\/comments?post=913"}],"version-history":[{"count":76,"href":"https:\/\/local.lovelybranddesign.com\/index.php\/wp-json\/wp\/v2\/pages\/913\/revisions"}],"predecessor-version":[{"id":1562,"href":"https:\/\/local.lovelybranddesign.com\/index.php\/wp-json\/wp\/v2\/pages\/913\/revisions\/1562"}],"wp:attachment":[{"href":"https:\/\/local.lovelybranddesign.com\/index.php\/wp-json\/wp\/v2\/media?parent=913"}],"curies":[{"name":"wp","href":"https:\/\/api.w.org\/{rel}","templated":true}]}}