{"id":1453,"date":"2024-10-18T09:09:35","date_gmt":"2024-10-18T09:09:35","guid":{"rendered":"https:\/\/local.lovelybranddesign.com\/?page_id=1453"},"modified":"2024-10-18T09:43:01","modified_gmt":"2024-10-18T09:43:01","slug":"alianzas-y-appt","status":"publish","type":"page","link":"https:\/\/local.lovelybranddesign.com\/index.php\/alianzas-y-appt\/","title":{"rendered":"Alianzas y APPT"},"content":{"rendered":"\t\t<div data-elementor-type=\"wp-page\" data-elementor-id=\"1453\" class=\"elementor elementor-1453\" data-elementor-post-type=\"page\">\n\t\t\t\t<div class=\"elementor-element elementor-element-685627e0 e-con-full e-flex e-con e-parent\" data-id=\"685627e0\" data-element_type=\"container\" data-settings=\"{&quot;background_background&quot;:&quot;gradient&quot;}\">\n\t\t<div class=\"elementor-element elementor-element-64d1815d e-con-full e-flex e-con e-child\" data-id=\"64d1815d\" data-element_type=\"container\">\n\t\t\t\t<div class=\"elementor-element elementor-element-4d43195 elementor-widget elementor-widget-text-editor\" data-id=\"4d43195\" data-element_type=\"widget\" data-widget_type=\"text-editor.default\">\n\t\t\t\t<div class=\"elementor-widget-container\">\n\t\t\t\t\t\t\t\t\t<h1>Alianzas<\/h1><h2>Canarias + APPT + otros<\/h2>\t\t\t\t\t\t\t\t<\/div>\n\t\t\t\t<\/div>\n\t\t\t\t<div class=\"elementor-element elementor-element-2daae26d elementor-invisible elementor-widget elementor-widget-heading\" data-id=\"2daae26d\" data-element_type=\"widget\" data-settings=\"{&quot;_animation&quot;:&quot;fadeInUp&quot;}\" data-widget_type=\"heading.default\">\n\t\t\t\t<div class=\"elementor-widget-container\">\n\t\t\t\t\t<h3 class=\"elementor-heading-title elementor-size-default\"><i>Dise\u00f1amos<\/i> desde la <i>consciencia<\/i> para un <i>futuro<\/i> pr\u00f3spero y <i>regenerativo<\/i><\/h3>\t\t\t\t<\/div>\n\t\t\t\t<\/div>\n\t\t\t\t<div class=\"elementor-element elementor-element-4cd101b5 elementor-widget elementor-widget-text-editor\" data-id=\"4cd101b5\" data-element_type=\"widget\" data-widget_type=\"text-editor.default\">\n\t\t\t\t<div class=\"elementor-widget-container\">\n\t\t\t\t\t\t\t\t\t<p class=\"whitespace-pre-wrap break-words\">Nuestra misi\u00f3n va m\u00e1s all\u00e1 de crear nuevos modelos de h\u00e1bitat; nos dedicamos a fomentar la prosperidad local y global. Nuestro equipo est\u00e1 compuesto por visionarios comprometidos con la construcci\u00f3n de un mundo m\u00e1s saludable y sostenible.<\/p><p class=\"whitespace-pre-wrap break-words\">Desde grandes proyectos hasta iniciativas locales, estamos preparados para acompa\u00f1arte en cada paso del camino. Te ofrecemos asesoramiento experto en la planificaci\u00f3n inicial y te guiamos hasta la realizaci\u00f3n de tu proyecto. Juntos, haremos realidad un nuevo paradigma regenerativo y sostenible, permiti\u00e9ndote habitar el mundo de forma consciente y armoniosa.<\/p><p class=\"whitespace-pre-wrap break-words\">Con la innovadora metodolog\u00eda APPT, transformamos ideas en acciones concretas, creando espacios que no solo respetan el entorno, sino que contribuyen activamente a su regeneraci\u00f3n. \u00danete a nosotros en este viaje hacia un futuro donde el dise\u00f1o y la conciencia ambiental van de la mano.<\/p>\t\t\t\t\t\t\t\t<\/div>\n\t\t\t\t<\/div>\n\t\t\t\t<div class=\"elementor-element elementor-element-5f0a8b4c elementor-widget elementor-widget-image\" data-id=\"5f0a8b4c\" data-element_type=\"widget\" data-widget_type=\"image.default\">\n\t\t\t\t<div class=\"elementor-widget-container\">\n\t\t\t\t\t\t\t\t\t\t\t\t\t\t\t<img fetchpriority=\"high\" decoding=\"async\" width=\"800\" height=\"534\" src=\"https:\/\/local.lovelybranddesign.com\/wp-content\/uploads\/2024\/10\/Hq-Aliana-by-lsdbpro-0011_CHE8507-1024x684.jpg\" class=\"attachment-large size-large wp-image-1459\" alt=\"\" srcset=\"https:\/\/local.lovelybranddesign.com\/wp-content\/uploads\/2024\/10\/Hq-Aliana-by-lsdbpro-0011_CHE8507-1024x684.jpg 1024w, https:\/\/local.lovelybranddesign.com\/wp-content\/uploads\/2024\/10\/Hq-Aliana-by-lsdbpro-0011_CHE8507-300x200.jpg 300w, https:\/\/local.lovelybranddesign.com\/wp-content\/uploads\/2024\/10\/Hq-Aliana-by-lsdbpro-0011_CHE8507-768x513.jpg 768w, https:\/\/local.lovelybranddesign.com\/wp-content\/uploads\/2024\/10\/Hq-Aliana-by-lsdbpro-0011_CHE8507-1536x1025.jpg 1536w, https:\/\/local.lovelybranddesign.com\/wp-content\/uploads\/2024\/10\/Hq-Aliana-by-lsdbpro-0011_CHE8507-2048x1367.jpg 2048w\" sizes=\"(max-width: 800px) 100vw, 800px\" \/>\t\t\t\t\t\t\t\t\t\t\t\t\t\t\t<\/div>\n\t\t\t\t<\/div>\n\t\t\t\t<\/div>\n\t\t<div class=\"elementor-element elementor-element-6286f5dc e-con-full e-flex e-con e-child\" data-id=\"6286f5dc\" data-element_type=\"container\" data-settings=\"{&quot;background_background&quot;:&quot;classic&quot;}\">\n\t\t\t\t<\/div>\n\t\t\t\t<\/div>\n\t\t<div class=\"elementor-element elementor-element-97283fd e-con-full e-flex e-con e-parent\" data-id=\"97283fd\" data-element_type=\"container\" data-settings=\"{&quot;background_background&quot;:&quot;classic&quot;}\">\n\t\t<div class=\"elementor-element elementor-element-674d3102 e-con-full e-flex e-con e-child\" data-id=\"674d3102\" data-element_type=\"container\">\n\t\t\t\t<div class=\"elementor-element elementor-element-13aefa6d elementor-invisible elementor-widget elementor-widget-heading\" data-id=\"13aefa6d\" data-element_type=\"widget\" data-settings=\"{&quot;_animation&quot;:&quot;fadeInUp&quot;}\" data-widget_type=\"heading.default\">\n\t\t\t\t<div class=\"elementor-widget-container\">\n\t\t\t\t\t<h2 class=\"elementor-heading-title elementor-size-default\">misi\u00f3n y valores<\/h2>\t\t\t\t<\/div>\n\t\t\t\t<\/div>\n\t\t\t\t<div class=\"elementor-element elementor-element-f742c6a animated-slow elementor-widget-divider--view-line elementor-invisible elementor-widget elementor-widget-divider\" data-id=\"f742c6a\" data-element_type=\"widget\" data-settings=\"{&quot;_animation&quot;:&quot;fadeIn&quot;}\" data-widget_type=\"divider.default\">\n\t\t\t\t<div class=\"elementor-widget-container\">\n\t\t\t\t\t\t\t<div class=\"elementor-divider\">\n\t\t\t<span class=\"elementor-divider-separator\">\n\t\t\t\t\t\t<\/span>\n\t\t<\/div>\n\t\t\t\t\t\t<\/div>\n\t\t\t\t<\/div>\n\t\t\t\t<div class=\"elementor-element elementor-element-72d333fa elementor-invisible elementor-widget elementor-widget-heading\" data-id=\"72d333fa\" data-element_type=\"widget\" data-settings=\"{&quot;_animation&quot;:&quot;fadeInUp&quot;}\" data-widget_type=\"heading.default\">\n\t\t\t\t<div class=\"elementor-widget-container\">\n\t\t\t\t\t<h3 class=\"elementor-heading-title elementor-size-default\">La agenda 2030 es nuestra gu\u00eda para <i>regenerar<\/i> y <i>re-prensar<\/i> nuestras profesiones y su <i>impacto en el mundo.<\/i><\/h3>\t\t\t\t<\/div>\n\t\t\t\t<\/div>\n\t\t\t\t<\/div>\n\t\t<div class=\"elementor-element elementor-element-2f45b19f e-con-full e-flex e-con e-child\" data-id=\"2f45b19f\" data-element_type=\"container\">\n\t\t<div class=\"elementor-element elementor-element-746b49d6 e-con-full e-flex e-con e-child\" data-id=\"746b49d6\" data-element_type=\"container\">\n\t\t\t\t<div class=\"elementor-element elementor-element-76534759 elementor-invisible elementor-widget elementor-widget-icon-box\" data-id=\"76534759\" data-element_type=\"widget\" data-settings=\"{&quot;_animation&quot;:&quot;fadeInUp&quot;}\" data-widget_type=\"icon-box.default\">\n\t\t\t\t<div class=\"elementor-widget-container\">\n\t\t\t\t\t\t\t<div class=\"elementor-icon-box-wrapper\">\n\n\t\t\t\n\t\t\t\t\t\t<div class=\"elementor-icon-box-content\">\n\n\t\t\t\t\t\t\t\t\t<h4 class=\"elementor-icon-box-title\">\n\t\t\t\t\t\t<span  >\n\t\t\t\t\t\t\tImpacto global\t\t\t\t\t\t<\/span>\n\t\t\t\t\t<\/h4>\n\t\t\t\t\n\t\t\t\t\t\t\t\t\t<p class=\"elementor-icon-box-description\">\n\t\t\t\t\t\tViverra maecenas accumsan lacus vel. Risus ultricies tristique nulla aliquet enim tortor. Nam aliquam sem et tortor consequat id porta nibh\t\t\t\t\t<\/p>\n\t\t\t\t\n\t\t\t<\/div>\n\t\t\t\n\t\t<\/div>\n\t\t\t\t\t\t<\/div>\n\t\t\t\t<\/div>\n\t\t\t\t<\/div>\n\t\t<div class=\"elementor-element elementor-element-421d6e73 e-con-full e-flex e-con e-child\" data-id=\"421d6e73\" data-element_type=\"container\">\n\t\t\t\t<div class=\"elementor-element elementor-element-59bb8c1f elementor-invisible elementor-widget elementor-widget-icon-box\" data-id=\"59bb8c1f\" data-element_type=\"widget\" data-settings=\"{&quot;_animation&quot;:&quot;fadeInUp&quot;}\" data-widget_type=\"icon-box.default\">\n\t\t\t\t<div class=\"elementor-widget-container\">\n\t\t\t\t\t\t\t<div class=\"elementor-icon-box-wrapper\">\n\n\t\t\t\n\t\t\t\t\t\t<div class=\"elementor-icon-box-content\">\n\n\t\t\t\t\t\t\t\t\t<h4 class=\"elementor-icon-box-title\">\n\t\t\t\t\t\t<span  >\n\t\t\t\t\t\t\t\u00c9tica y excelencia\t\t\t\t\t\t<\/span>\n\t\t\t\t\t<\/h4>\n\t\t\t\t\n\t\t\t\t\t\t\t\t\t<p class=\"elementor-icon-box-description\">\n\t\t\t\t\t\tViverra maecenas accumsan lacus vel. Risus ultricies tristique nulla aliquet enim tortor. Nam aliquam sem et tortor consequat id porta nibh\t\t\t\t\t<\/p>\n\t\t\t\t\n\t\t\t<\/div>\n\t\t\t\n\t\t<\/div>\n\t\t\t\t\t\t<\/div>\n\t\t\t\t<\/div>\n\t\t\t\t<\/div>\n\t\t<div class=\"elementor-element elementor-element-5590d1e9 e-con-full e-flex e-con e-child\" data-id=\"5590d1e9\" data-element_type=\"container\">\n\t\t\t\t<div class=\"elementor-element elementor-element-55d8b037 elementor-invisible elementor-widget elementor-widget-icon-box\" data-id=\"55d8b037\" data-element_type=\"widget\" data-settings=\"{&quot;_animation&quot;:&quot;fadeInUp&quot;}\" data-widget_type=\"icon-box.default\">\n\t\t\t\t<div class=\"elementor-widget-container\">\n\t\t\t\t\t\t\t<div class=\"elementor-icon-box-wrapper\">\n\n\t\t\t\n\t\t\t\t\t\t<div class=\"elementor-icon-box-content\">\n\n\t\t\t\t\t\t\t\t\t<h4 class=\"elementor-icon-box-title\">\n\t\t\t\t\t\t<span  >\n\t\t\t\t\t\t\tRegeneraci\u00f3n y cambio\t\t\t\t\t\t<\/span>\n\t\t\t\t\t<\/h4>\n\t\t\t\t\n\t\t\t\t\t\t\t\t\t<p class=\"elementor-icon-box-description\">\n\t\t\t\t\t\tViverra maecenas accumsan lacus vel. Risus ultricies tristique nulla aliquet enim tortor. Nam aliquam sem et tortor consequat id porta nibh\t\t\t\t\t<\/p>\n\t\t\t\t\n\t\t\t<\/div>\n\t\t\t\n\t\t<\/div>\n\t\t\t\t\t\t<\/div>\n\t\t\t\t<\/div>\n\t\t\t\t<\/div>\n\t\t\t\t<\/div>\n\t\t\t\t<\/div>\n\t\t<div class=\"elementor-element elementor-element-ea2c5cb e-con-full e-flex e-con e-parent\" data-id=\"ea2c5cb\" data-element_type=\"container\" data-settings=\"{&quot;background_background&quot;:&quot;classic&quot;}\">\n\t\t\t\t<div class=\"elementor-element elementor-element-5b63c89 elementor-widget elementor-widget-text-editor\" data-id=\"5b63c89\" data-element_type=\"widget\" data-widget_type=\"text-editor.default\">\n\t\t\t\t<div class=\"elementor-widget-container\">\n\t\t\t\t\t\t\t\t\t<h2>TRABAJamos POR Y PARA LA SOSTENIBILIDAD, LOCAL Y GLOBAL.<\/h2>\t\t\t\t\t\t\t\t<\/div>\n\t\t\t\t<\/div>\n\t\t\t\t<div class=\"elementor-element elementor-element-0c97297 elementor-widget elementor-widget-text-editor\" data-id=\"0c97297\" data-element_type=\"widget\" data-widget_type=\"text-editor.default\">\n\t\t\t\t<div class=\"elementor-widget-container\">\n\t\t\t\t\t\t\t\t\t<p>Nuestro trabajo abarca las disciplinas relacionadas con el H\u00e1bitat, desde el <i>Urbanismo Sostenible<\/i> necesario para alcanzar un Desarrollo territorial Integrado y participado, hasta la <i>Arquitectura Sostenible<\/i> en sus distintas modalidades, el paisajismo, el <i>ecodise\u00f1o <\/i>regenerativo, las <i>estrategias sociales de cambio<\/i>\u2026 ayudamos a demostrar que <i>la Sostenibilidad ya es altamente rentable y crea prosperidad <\/i>para toda nuestra sociedad, s\u00f3lida y de calidad.<\/p>\t\t\t\t\t\t\t\t<\/div>\n\t\t\t\t<\/div>\n\t\t\t\t<div class=\"elementor-element elementor-element-95348b8 e-transform elementor-invisible elementor-widget elementor-widget-image\" data-id=\"95348b8\" data-element_type=\"widget\" data-settings=\"{&quot;_animation&quot;:&quot;rollIn&quot;,&quot;_transform_rotateZ_effect&quot;:{&quot;unit&quot;:&quot;px&quot;,&quot;size&quot;:25,&quot;sizes&quot;:[]},&quot;_transform_rotateZ_effect_tablet&quot;:{&quot;unit&quot;:&quot;deg&quot;,&quot;size&quot;:&quot;&quot;,&quot;sizes&quot;:[]},&quot;_transform_rotateZ_effect_mobile&quot;:{&quot;unit&quot;:&quot;deg&quot;,&quot;size&quot;:&quot;&quot;,&quot;sizes&quot;:[]}}\" data-widget_type=\"image.default\">\n\t\t\t\t<div class=\"elementor-widget-container\">\n\t\t\t\t\t\t\t\t\t\t\t\t\t\t\t<img decoding=\"async\" width=\"81\" height=\"86\" src=\"https:\/\/local.lovelybranddesign.com\/wp-content\/uploads\/2024\/05\/Sello-R-Aliana-2.svg\" class=\"attachment-large size-large wp-image-93\" alt=\"\" \/>\t\t\t\t\t\t\t\t\t\t\t\t\t\t\t<\/div>\n\t\t\t\t<\/div>\n\t\t\t\t<\/div>\n\t\t\t\t<\/div>\n\t\t","protected":false},"excerpt":{"rendered":"<p>Alianzas Canarias + APPT + otros Dise\u00f1amos desde la consciencia para un futuro pr\u00f3spero y regenerativo Nuestra misi\u00f3n va m\u00e1s all\u00e1 de crear nuevos modelos de h\u00e1bitat; nos dedicamos a fomentar la prosperidad local y global. Nuestro equipo est\u00e1 compuesto por visionarios comprometidos con la construcci\u00f3n de un mundo m\u00e1s saludable y sostenible. Desde grandes [&hellip;]<\/p>\n","protected":false},"author":1,"featured_media":0,"parent":0,"menu_order":0,"comment_status":"closed","ping_status":"closed","template":"","meta":{"footnotes":""},"class_list":["post-1453","page","type-page","status-publish","hentry"],"_links":{"self":[{"href":"https:\/\/local.lovelybranddesign.com\/index.php\/wp-json\/wp\/v2\/pages\/1453","targetHints":{"allow":["GET"]}}],"collection":[{"href":"https:\/\/local.lovelybranddesign.com\/index.php\/wp-json\/wp\/v2\/pages"}],"about":[{"href":"https:\/\/local.lovelybranddesign.com\/index.php\/wp-json\/wp\/v2\/types\/page"}],"author":[{"embeddable":true,"href":"https:\/\/local.lovelybranddesign.com\/index.php\/wp-json\/wp\/v2\/users\/1"}],"replies":[{"embeddable":true,"href":"https:\/\/local.lovelybranddesign.com\/index.php\/wp-json\/wp\/v2\/comments?post=1453"}],"version-history":[{"count":46,"href":"https:\/\/local.lovelybranddesign.com\/index.php\/wp-json\/wp\/v2\/pages\/1453\/revisions"}],"predecessor-version":[{"id":1523,"href":"https:\/\/local.lovelybranddesign.com\/index.php\/wp-json\/wp\/v2\/pages\/1453\/revisions\/1523"}],"wp:attachment":[{"href":"https:\/\/local.lovelybranddesign.com\/index.php\/wp-json\/wp\/v2\/media?parent=1453"}],"curies":[{"name":"wp","href":"https:\/\/api.w.org\/{rel}","templated":true}]}}